{"id":648,"date":"2009-08-15T10:55:03","date_gmt":"2009-08-15T09:55:03","guid":{"rendered":"https:\/\/fietsenmetjan.nl\/?page_id=648"},"modified":"2016-08-01T19:17:12","modified_gmt":"2016-08-01T18:17:12","slug":"geen-drugs","status":"publish","type":"page","link":"https:\/\/fietsenmetjan.nl\/?page_id=648","title":{"rendered":"Geen drugs"},"content":{"rendered":"<p class=\"MsoNormal\" style=\"margin: 0cm 0cm 0pt;\"><strong style=\"mso-bidi-font-weight: normal;\"><span style=\"font-size: 14pt;\"><span style=\"font-family: Times New Roman;\">Geen drugs<\/span><\/span><\/strong><\/p>\n<p class=\"MsoNormal\" style=\"margin: 0cm 0cm 0pt;\"><span style=\"font-size: 14pt;\"><span style=\"font-family: Times New Roman;\">Op de internationale luchthaven van Boston haalde ik na passage van de <em>Immigration <\/em>mijn fiets<span style=\"mso-spacerun: yes;\">\u00a0<\/span>van de afdeling <em style=\"mso-bidi-font-style: normal;\">oversize lugguage<\/em> en sleepte de grote doos en mijn gebundelde tassen naar de douane. De man daar bestudeerde de verklaring die ik aan boord van het vliegtuig had ingevuld en keek me aan. Hij zei niets en dan ga je je toch ongemakkelijk voelen. Mijn haardracht gaf er geen aanleiding voor. De zoon van vrienden heeft lange haren en bij tal van reizen naar de VS werd hij bij binnenkomst uit de rij gepikt voor nadere controle. Wel kwam ik uit blowing Sodom en Gomorra, waar Gods vuur liever vandaag dan morgen over heen moest. Amerikaanse <em style=\"mso-bidi-font-style: normal;\">law enforcement officers<\/em> hebben simplistische opvattingen. Hij gelastte me de fietsdoos open te maken. Ik rukte de plakbanden los en opende de bovenklep. Hij stak zijn hand in de doos en kneep in de voorband. Die\u00a0had ik\u00a0zacht gemaakt vanwege de onderdruk in de laadruimte van het vliegtuig. <em style=\"mso-bidi-font-style: normal;\">Any drugs?<\/em> vroeg-ie. Ik wou gaan lachen, maar merkte nog net op tijd dat er niets te lachen viel. Hij liep langs de lange doos en inspecteerde de inhoud. Het leek me het verstandigste even niets te zeggen, want hij trok een gezicht van ik-weet-het-nog-zo-net-niet. Zou die ook mijn tassen \u00e9\u00e9n voor \u00e9\u00e9n gaan controleren? Daar gaat met al dat in- en uitpakken gauw een uur mee heen. Ten slotte gaf hij mij zijn groene douanelicht en kon ik naar de batterij telefoons om te horen in welk hotel nog <em style=\"mso-bidi-font-style: normal;\">vacancy<\/em> voor me was.<\/span><\/span><\/p>\n<p class=\"MsoNormal\" style=\"margin: 0cm 0cm 0pt;\"><span style=\"font-size: 14pt;\"><span style=\"font-family: Times New Roman;\">Terwijl ik op een taxi stond te wachten, welde de reactie in mij op. Die douanevent had me eigenlijk beledigd. Had ik niet ter verdediging van me zelf en al de wereldfietsers iets kunnen zeggen. <em style=\"mso-bidi-font-style: normal;\">I don&#8217;t need drugs to face the world! <\/em>Ik geef het toe: een <em style=\"mso-bidi-font-style: normal;\">esprit de l&#8217;escalier, <\/em>een rake opmerking die je te laat te binnen schiet.<\/span><\/span><\/p>\n<p class=\"MsoNormal\" style=\"margin: 0cm 0cm 0pt;\"><span style=\"font-size: 14pt;\"><span style=\"font-family: Times New Roman;\">Een paar jaar later vloog ik naar\u00a0Minot in North Dakota. De baliemedewerkster op Schiphol had de stad met een tuitend mondje keurig op zijn Frans uitgesproken, maar de Amerikanen zeggen &#8216;mainot&#8217;\u009d, dat rijmt op <em style=\"mso-bidi-font-style: normal;\">why not<\/em> . Voordat ik door de Midwest naar het zuiden trok, wilde ik nog even Canada in, naar de provincie Manitoba. Ooit had ik een luchtfoto van dat gebied gezien in de National Geographic. Het interessante was dat door de landbouw aan de Amerikaanse kant de grens heel duidelijk te zien was. Toen ik de grens naderde, wilde ik eens zien of\u00a0<span style=\"mso-spacerun: yes;\">\u00a0<\/span>ik dat ook van de grond kon zien. Nee, want je staat er te dicht op en<span style=\"mso-spacerun: yes;\">\u00a0<\/span>dat belemmert je blik. Ik was op dat moment het enige verkeer en de grensman zag me aankomen. Hij kwam uit zijn huisje en hield me in de gaten. Hij vond het misschien vreemd dat ik niet gewoon naar hem toe fietste, maar telkens even stopte om te kijken. Alsof ik wietplantjes zocht tussen het mais. Bij hem aangekomen, haalde ik mijn paspoort uit mijn stuurtas. Hij bleek een vriendelijke, menselijke\u00a0man en\u00a0had behoefte aan een praatje. Ik vertelde hem over mijn fietservaringen in zijn land en zo kwam ik op die drugscollega in Boston. De langeafstandfietser moet een goede conditie hebben en daar horen geen drugs bij, is in de regel milieubewust, en zo voort, en zo voort. Het werd een waar en braaf praatje. Psychoanalytisch moest deze goede man boeten voor zijn achterdochtige collega in de grote boze wereld. <\/span><\/span><\/p>\n<p class=\"MsoNormal\" style=\"margin: 0cm 0cm 0pt;\"><span style=\"font-size: 14pt;\"><span style=\"font-family: Times New Roman;\">Dit schrijvende vraag ik me af of zijn vrouw &#8217;s avonds aan tafel heeft gevraagd:<\/span><\/span><\/p>\n<p class=\"MsoNormal\" style=\"margin: 0cm 0cm 0pt;\"><span style=\"font-size: 14pt;\"><span style=\"font-family: Times New Roman;\">&#8220;Nog wat beleefd vandaag?&#8221;\u009d<\/span><\/span><\/p>\n<p class=\"MsoNormal\" style=\"margin: 0cm 0cm 0pt;\"><span style=\"font-size: 14pt;\"><span style=\"font-family: Times New Roman;\">&#8220;Een fietser uit Holland&#8221;\u009d.<\/span><\/span><\/p>\n<p class=\"MsoNormal\" style=\"margin: 0cm 0cm 0pt;\"><span style=\"font-family: Times New Roman;\"><span lang=\"EN-GB\" style=\"font-size: 14pt; mso-ansi-language: EN-GB;\">&#8220;From Holland? <\/span><span style=\"font-size: 14pt;\">That blowing country!?&#8221;\u009d<\/span><\/span><\/p>\n<p class=\"MsoNormal\" style=\"margin: 0cm 0cm 0pt;\"><span style=\"font-size: 14pt;\"><span style=\"font-family: Times New Roman;\">\u00a0<\/span><\/span><\/p>\n","protected":false},"excerpt":{"rendered":"<p>Geen drugs Op de internationale luchthaven van Boston haalde ik na passage van de Immigration mijn fiets\u00a0van de afdeling oversize lugguage en sleepte de grote doos en mijn gebundelde tassen naar de douane. De man daar bestudeerde de verklaring die ik aan boord van het vliegtuig had ingevuld en keek me aan. Hij zei niets [&hellip;]<\/p>\n","protected":false},"author":1,"featured_media":0,"parent":611,"menu_order":0,"comment_status":"open","ping_status":"open","template":"","meta":[],"_links":{"self":[{"href":"https:\/\/fietsenmetjan.nl\/index.php?rest_route=\/wp\/v2\/pages\/648"}],"collection":[{"href":"https:\/\/fietsenmetjan.nl\/index.php?rest_route=\/wp\/v2\/pages"}],"about":[{"href":"https:\/\/fietsenmetjan.nl\/index.php?rest_route=\/wp\/v2\/types\/page"}],"author":[{"embeddable":true,"href":"https:\/\/fietsenmetjan.nl\/index.php?rest_route=\/wp\/v2\/users\/1"}],"replies":[{"embeddable":true,"href":"https:\/\/fietsenmetjan.nl\/index.php?rest_route=%2Fwp%2Fv2%2Fcomments&post=648"}],"version-history":[{"count":9,"href":"https:\/\/fietsenmetjan.nl\/index.php?rest_route=\/wp\/v2\/pages\/648\/revisions"}],"predecessor-version":[{"id":1993,"href":"https:\/\/fietsenmetjan.nl\/index.php?rest_route=\/wp\/v2\/pages\/648\/revisions\/1993"}],"up":[{"embeddable":true,"href":"https:\/\/fietsenmetjan.nl\/index.php?rest_route=\/wp\/v2\/pages\/611"}],"wp:attachment":[{"href":"https:\/\/fietsenmetjan.nl\/index.php?rest_route=%2Fwp%2Fv2%2Fmedia&parent=648"}],"curies":[{"name":"wp","href":"https:\/\/api.w.org\/{rel}","templated":true}]}}