{"id":426,"date":"2009-02-15T20:39:58","date_gmt":"2009-02-15T19:39:58","guid":{"rendered":"https:\/\/fietsenmetjan.nl\/?page_id=426"},"modified":"2010-03-04T14:47:15","modified_gmt":"2010-03-04T13:47:15","slug":"ciclista-en-patagonia-13","status":"publish","type":"page","link":"https:\/\/fietsenmetjan.nl\/?page_id=426","title":{"rendered":"Ciclista en Patagonia (13)"},"content":{"rendered":"<p>Naam? Gustavo Roisman. Geboren? 6 juni 1964. In? 25 Mei. Adres? 9 Juli. Beroep? Psycholoog. Overal in Argentini\u00eb zijn data namen van pleinen en\u00a0straten. Er zijn zelfs plaatsen genoemd naar een datum en dat maakt het bovenstaande mogelijk. De onafhankelijkheid van Buenos Aires werd uitgeroepen op 25 mei 1810 en het beroemde Plaza de Mayo (met de &#8220;dwaze moeders&#8221;) heeft zijn naam daaraan te danken. Zes jaar\u00a0later werd weer een onafhankelijkheid uitgeroepen, nu van de Verenigde Provinci\u00ebn van Rio de la Plata, de voorloper van het huidige Argentini\u00eb. Dat was op de 9de juli in Tucum\u00e1n.<\/p>\n<p><a href=\"https:\/\/fietsenmetjan.nl\/wp-content\/uploads\/2009\/02\/straatnaamdata-in-santa-fe.jpg\"><img decoding=\"async\" loading=\"lazy\" class=\"alignnone size-full wp-image-429\" title=\"Straatnaamdata in Santa Fe\" src=\"https:\/\/fietsenmetjan.nl\/wp-content\/uploads\/2009\/02\/straatnaamdata-in-santa-fe.jpg\" alt=\"\" width=\"560\" height=\"420\" srcset=\"https:\/\/fietsenmetjan.nl\/wp-content\/uploads\/2009\/02\/straatnaamdata-in-santa-fe.jpg 560w, https:\/\/fietsenmetjan.nl\/wp-content\/uploads\/2009\/02\/straatnaamdata-in-santa-fe-300x225.jpg 300w\" sizes=\"(max-width: 560px) 100vw, 560px\" \/><\/a><\/p>\n<p>Ze zijn hier ook gek op grallen en cnellen (generaals en kolonellen) en andere dragers van epauletten en decoraties als het gaat om naamgevingen: admiralen (Belgrano), presidenten (Sarmiento), bevrijders (San Martin). In de centra van de steden kom je ze telkens tegen. Ze zijn historisch betrekkelijk jong en ze doen me verlangen naar een Varkensmarkt, Hekelsteeg of Achter de Arnhemse Poortwal. Het Argentijnse monopoliespel zal er wel saai uitzien. Volgens mijn reisgids heeft dit land de meeste psychologen ter wereld: 1 op de 900 inwoners. Wandelend in steden valt gauw op dat er ook aan medici en advocaten geen gebrek is. Een &#8220;estudio juridico&#8221; en een &#8220;centro medico&#8221; herken je trouwens ook aan de stoep. Het plaveisel van de voordeur tot aan de straatrand is geen zorg van de gemeente. Die is voor de bewoners en gebruikers. De stoep is hier dus status. De hoogte ervan wisselt, de tegels verschillen van kleur en kwaliteit. Tenslotte wemelt het hier van de &#8220;farmacias&#8221;, soms zelfs\u00a0in een kluitje op elkaar. We vinden het grappig als we Surinaamse Nederlanders horen zeggen dat iemand medicijen moet &#8220;eten&#8221;, maar hier doen ze het.<\/p>\n<p>Het grootste deel van het platteland in Midden-Argentini\u00eb heb ik nu doorkruist. Van San Luis, door de provincie Cordoba naar Santa Fe bij de Rio Paran\u00e1, 700 km.\u00a0Lange, rechte en vooral vlakke wegen fietste ik uren achtereen. En maar soyavelden, en maar ma\u00efsvelden. Steeds vaker ook koeien en met af en toe een schuur leek het of ik door de Gelderse vallei trok. Het land ging er ook wat Europeser uitzien en er waren stukken weg omzoomd door prachtige, statige bomen waarin grote parkieten snerpen en nestelen.<\/p>\n<p><a href=\"https:\/\/fietsenmetjan.nl\/wp-content\/uploads\/2009\/02\/op-weg-naar-santa-fe.jpg\"><img decoding=\"async\" loading=\"lazy\" class=\"alignnone size-full wp-image-432\" title=\"Op weg naar Santa Fe\" src=\"https:\/\/fietsenmetjan.nl\/wp-content\/uploads\/2009\/02\/op-weg-naar-santa-fe.jpg\" alt=\"\" width=\"560\" height=\"420\" srcset=\"https:\/\/fietsenmetjan.nl\/wp-content\/uploads\/2009\/02\/op-weg-naar-santa-fe.jpg 560w, https:\/\/fietsenmetjan.nl\/wp-content\/uploads\/2009\/02\/op-weg-naar-santa-fe-300x225.jpg 300w\" sizes=\"(max-width: 560px) 100vw, 560px\" \/><\/a><\/p>\n<p>Van Villa Maria naar San Francisco (nu zonder zee, brug en &#8220;flowers in your hair&#8221;) fietste ik van zonsop- tot zonsondergang. In het eerste dorpje waar ik door kwam en de ouderwetse tv-antennes nog de hemel harken, kraaiden de hanen. De schaduw van mijn hoofd gleed nog over de soyabladeren en kroop langzamerhand naar achteren. Het zou mijn langste dag worden. Op tijd vertrekken, je krachten verdelen, niet hard fietsen (dat moet je &#8217;s middags bezuren) maar wel door fietsen. Wat vaker pauzeren. Je eet wat, je drinkt wat, je laat een boer en een wind en vort maar weer. Er staan borden langs de weg die het verkeer uitnodigen loslopend vee (&#8220;animales sueltos&#8221;) de politie te melden. Er dreigden drie koeien de weg op te gaan. Ik heb ze met gezwaai\u00a0 de berm in gewerkt. &#8220;Weg wezen jullie!&#8221; en ze verstonden me. Het weerbericht in de krant sprak van &#8220;viento leve a moderato del norte&#8221; (licht tot matig) en dat was lang geen PP (Patagonisch Peil). Bij het weersoverzicht zie je ook steevast wat voor weer er op de Islas Malvinas\/Falklandeilanden is en hoe het er op de &#8220;sector antartica&#8221; is, de taartpunt van Argentini\u00eb in het zuidpoolgebied. Iemand in Chili zei dat niet Santiago, maar Puerto Montt in het midden van Chili lag. Hij had\u00a0zijn uitgerekt tot de zuidpool. Dat houdt de Chileen op de been.<\/p>\n<p><a href=\"https:\/\/fietsenmetjan.nl\/wp-content\/uploads\/2009\/02\/fietspad-bij-general-deheza-provincie-cordoba.jpg\"><img decoding=\"async\" loading=\"lazy\" class=\"alignnone size-full wp-image-431\" title=\"Fietspad bij General Deheza, provincie Cordoba\" src=\"https:\/\/fietsenmetjan.nl\/wp-content\/uploads\/2009\/02\/fietspad-bij-general-deheza-provincie-cordoba.jpg\" alt=\"\" width=\"560\" height=\"420\" \/><\/a><\/p>\n<p>Dit jaar gaat de fietsvriendelijkheidsprijs naar Generaal Deheza. De gemeente heeft een fietspad van 6 km laten aanleggen met bankjes, fietsenrekken en schuilhuisjes. Het goede asfalt heeft een centrale stippellijn. Een professioneel fietspad. Het is bedoeld voor de vele werknemers bij de enorme landbouwinstallaties voor de verwerking van landbouwproducten. Er zijn grote billboards met de slogan &#8220;mejor agriculturo, mejor futuro&#8221; (Betere landbouw, betere toekomst) en zo zie je maar met een stukje fietspad.<\/p>\n<p>Het tv-nieuws bracht de afgelopen week dramatische beelden uit de provincie Salta, in het bijzonder bij de stad Tartagal, van aardverschuivingen en\u00a0modderstromen. Water sleurde in enkele ogenblikken hele huizen weg. Doden, vermisten, daklozen. Hulp, benefietvoorstellingen en CFK (Cristina F.\u00a0Kirchner, presidente) op bezoek in het rampgebied, die zich een moeder des lands toonde. Andere zorgen had Maradonna. Ik zag hem twee maal een kruis slaan en Argentini\u00eb won met 2 &#8211; 0 van Frankrijk. Als de Franse trainer ook aan de het hemelse gerecht heeft gedacht, wordt de vraag actueel waarmee de zoon van Batavus Droogstoppel (in de Max Havelaar) tijdens de catechesatie de dominee tergt: &#8220;Wat gebeurt er als twee mensen tegen elkaar in bidden?&#8221;<\/p>\n<p>Jan Postema<\/p>\n<p>Santa Fe, provincie Santa Fe, Argentini\u00eb<\/p>\n<p>15 februari 2009<\/p>\n<p>(<a href=\"https:\/\/fietsenmetjan.nl\">https:\/\/www.fietsenmetjan.nl<\/a>)<\/p>\n","protected":false},"excerpt":{"rendered":"<p>Naam? Gustavo Roisman. Geboren? 6 juni 1964. In? 25 Mei. Adres? 9 Juli. Beroep? Psycholoog. Overal in Argentini\u00eb zijn data namen van pleinen en\u00a0straten. Er zijn zelfs plaatsen genoemd naar een datum en dat maakt het bovenstaande mogelijk. De onafhankelijkheid van Buenos Aires werd uitgeroepen op 25 mei 1810 en het beroemde Plaza de Mayo [&hellip;]<\/p>\n","protected":false},"author":1,"featured_media":0,"parent":53,"menu_order":0,"comment_status":"open","ping_status":"open","template":"","meta":[],"_links":{"self":[{"href":"https:\/\/fietsenmetjan.nl\/index.php?rest_route=\/wp\/v2\/pages\/426"}],"collection":[{"href":"https:\/\/fietsenmetjan.nl\/index.php?rest_route=\/wp\/v2\/pages"}],"about":[{"href":"https:\/\/fietsenmetjan.nl\/index.php?rest_route=\/wp\/v2\/types\/page"}],"author":[{"embeddable":true,"href":"https:\/\/fietsenmetjan.nl\/index.php?rest_route=\/wp\/v2\/users\/1"}],"replies":[{"embeddable":true,"href":"https:\/\/fietsenmetjan.nl\/index.php?rest_route=%2Fwp%2Fv2%2Fcomments&post=426"}],"version-history":[{"count":7,"href":"https:\/\/fietsenmetjan.nl\/index.php?rest_route=\/wp\/v2\/pages\/426\/revisions"}],"predecessor-version":[{"id":430,"href":"https:\/\/fietsenmetjan.nl\/index.php?rest_route=\/wp\/v2\/pages\/426\/revisions\/430"}],"up":[{"embeddable":true,"href":"https:\/\/fietsenmetjan.nl\/index.php?rest_route=\/wp\/v2\/pages\/53"}],"wp:attachment":[{"href":"https:\/\/fietsenmetjan.nl\/index.php?rest_route=%2Fwp%2Fv2%2Fmedia&parent=426"}],"curies":[{"name":"wp","href":"https:\/\/api.w.org\/{rel}","templated":true}]}}